{"id":11,"date":"2025-08-14T22:50:27","date_gmt":"2025-08-14T20:50:27","guid":{"rendered":"https:\/\/locations-meubles-annecy.fr\/blog\/?page_id=11"},"modified":"2025-08-14T22:50:27","modified_gmt":"2025-08-14T20:50:27","slug":"studio-visitation","status":"publish","type":"page","link":"https:\/\/locations-meubles-annecy.fr\/blog\/studio-visitation\/","title":{"rendered":"Studio \u00ab\u00a0Visitation\u00a0\u00bb"},"content":{"rendered":"\n<p>Un appartement de 30 m\u00e8tres carr\u00e9s pouvant accueillir jusqu&rsquo;\u00e0 4 personnes.<br>Ambiance bois avec tout le confort. Vous vous sentirez vite chez vous : le petit coin jardin vous permettra de profiter de l&rsquo;ext\u00e9rieur au soleil et avec vue sur le Semnoz (massif montagneux) et l\u2019\u00c9glise Visitation (class\u00e9e). Tr\u00e8s lumineux et tr\u00e8s bien \u00e9quip\u00e9, le studio vous apportera un confort indispensable pour profiter de vos vacances en toute qui\u00e9tude. Vous pourrez entreposer vos v\u00e9los ou vos bagages encombrants dans un garage \u00e0 proximit\u00e9 accessible par un jardin collectif o\u00f9 se trouvent le barbecue et quelques fauteuils.<\/p>\n\n\n\n<p>{{DESCRIPTIF EQUIPEMENT}}<\/p>\n\n\n\n<p>{{Couchage}} : 1 canap\u00e9-lit 2 places (confortable) ; 2 lits d&rsquo;1 personne en mezzanine s\u00e9curis\u00e9e par des barri\u00e8res.<\/p>\n\n\n\n<p>{{\u00c9quipement}} : 1 cuisine am\u00e9ricaine (plaques \u00e9lectriques, frigidaire, compartiment frezeer, micro-ondes\/grill, mini-four, cafeti\u00e8re, presse-pur\u00e9e, bouilloire, grille-pain et batterie de cuisine tr\u00e8s compl\u00e8te) ; 1 lave-linge, table \u00e0 repasser, fer \u00e0 repasser, s\u00e9choir, s\u00e8che-cheveux, TV (programmes TNT) ; acc\u00e8s internet haut d\u00e9bit par WI-FI. \u00c9quipement sp\u00e9cial b\u00e9b\u00e9 ou jeune enfant disponible sur demande.<\/p>\n\n\n\n<p>{{Commodit\u00e9s}} : 1 salle de bains (WC, Douche, Lavabo)<\/p>\n\n\n\n<p>{{Points forts}} : un coin jardin vous permettra de profiter du soleil une grande partie de la journ\u00e9e.<\/p>\n\n\n\n<p>{{Tarif haute saison 2021}} : 530 \u20ac\/semaine<\/p>\n\n\n\n<p>{{Tarif basse saison 2021}} : 500 \u20ac\/semaine<\/p>\n\n\n\n<p>{{Possibilit\u00e9 de court s\u00e9jour (3 nuits minimum)}} :\u00e0 partir de 88 \u20ac\/nuit<\/p>\n\n\n\n<p>{{Disponibilit\u00e9s}} : Merci de consulter le planning actualis\u00e9 sur http:\/\/www.homelidays.com\/hebergement\/p6004428<\/p>\n","protected":false},"excerpt":{"rendered":"<p>Un appartement de 30 m\u00e8tres carr\u00e9s pouvant accueillir jusqu&rsquo;\u00e0 4 personnes.Ambiance bois avec tout le confort. Vous vous sentirez vite chez vous : le petit coin jardin vous permettra de profiter de l&rsquo;ext\u00e9rieur au soleil et avec vue sur le Semnoz (massif montagneux) et l\u2019\u00c9glise Visitation (class\u00e9e). Tr\u00e8s lumineux et tr\u00e8s bien \u00e9quip\u00e9, le studio [&hellip;]<\/p>\n","protected":false},"author":1,"featured_media":0,"parent":0,"menu_order":0,"comment_status":"closed","ping_status":"closed","template":"","meta":{"footnotes":""},"class_list":["post-11","page","type-page","status-publish","hentry"],"_links":{"self":[{"href":"https:\/\/locations-meubles-annecy.fr\/blog\/wp-json\/wp\/v2\/pages\/11","targetHints":{"allow":["GET"]}}],"collection":[{"href":"https:\/\/locations-meubles-annecy.fr\/blog\/wp-json\/wp\/v2\/pages"}],"about":[{"href":"https:\/\/locations-meubles-annecy.fr\/blog\/wp-json\/wp\/v2\/types\/page"}],"author":[{"embeddable":true,"href":"https:\/\/locations-meubles-annecy.fr\/blog\/wp-json\/wp\/v2\/users\/1"}],"replies":[{"embeddable":true,"href":"https:\/\/locations-meubles-annecy.fr\/blog\/wp-json\/wp\/v2\/comments?post=11"}],"version-history":[{"count":1,"href":"https:\/\/locations-meubles-annecy.fr\/blog\/wp-json\/wp\/v2\/pages\/11\/revisions"}],"predecessor-version":[{"id":12,"href":"https:\/\/locations-meubles-annecy.fr\/blog\/wp-json\/wp\/v2\/pages\/11\/revisions\/12"}],"wp:attachment":[{"href":"https:\/\/locations-meubles-annecy.fr\/blog\/wp-json\/wp\/v2\/media?parent=11"}],"curies":[{"name":"wp","href":"https:\/\/api.w.org\/{rel}","templated":true}]}}