{"id":13,"date":"2025-08-14T22:50:27","date_gmt":"2025-08-14T20:50:27","guid":{"rendered":"https:\/\/locations-meubles-annecy.fr\/blog\/?page_id=13"},"modified":"2025-08-14T23:00:43","modified_gmt":"2025-08-14T21:00:43","slug":"t2-parmelan","status":"publish","type":"page","link":"https:\/\/locations-meubles-annecy.fr\/blog\/t2-parmelan\/","title":{"rendered":"T2 \u00ab\u00a0Parmelan\u00a0\u00bb"},"content":{"rendered":"\n<p>D&rsquo;une surface totale de 35 m\u00e8tres carr\u00e9s, orient\u00e9 est\/ouest ce 2 pi\u00e8ces (T2) peut accueillir jusqu&rsquo;\u00e0 4 personnes et comprend un s\u00e9jour, une chambre s\u00e9par\u00e9e, une salle de bains et une cuisine. La terrasse adjacente et le jardin collectif vous permettront de d\u00e9jeuner dans un cadre verdoyant et paisible.<\/p>\n\n\n\n<figure class=\"wp-block-image size-full\"><img loading=\"lazy\" decoding=\"async\" width=\"800\" height=\"600\" src=\"https:\/\/locations-meubles-annecy.fr\/blog\/wp-content\/uploads\/2025\/08\/p1030278.jpg\" alt=\"La terrasse et l'entr\u00e9e du T2\" class=\"wp-image-38\" srcset=\"https:\/\/locations-meubles-annecy.fr\/blog\/wp-content\/uploads\/2025\/08\/p1030278.jpg 800w, https:\/\/locations-meubles-annecy.fr\/blog\/wp-content\/uploads\/2025\/08\/p1030278-300x225.jpg 300w, https:\/\/locations-meubles-annecy.fr\/blog\/wp-content\/uploads\/2025\/08\/p1030278-768x576.jpg 768w\" sizes=\"auto, (max-width: 800px) 100vw, 800px\" \/><figcaption class=\"wp-element-caption\">La terrasse et l&rsquo;entr\u00e9e du T2<\/figcaption><\/figure>\n\n\n\n<p>La terrasse b\u00e9n\u00e9ficie d&rsquo;un g\u00e9n\u00e9reux ensoleillement le matin et en d\u00e9but d&rsquo;apr\u00e8s-midi. A l&rsquo;abri des regards, vous pourrez profiter d&rsquo;un \u00e9crin de verdure bienvenu dans un environnement urbain de caract\u00e8re. La pi\u00e8ce principale et la chambre sont en demi-niveau, s\u00e9par\u00e9es par 2 marches de la cuisine et de la SDB.<\/p>\n\n\n\n<figure class=\"wp-block-image size-full\"><img loading=\"lazy\" decoding=\"async\" width=\"800\" height=\"600\" src=\"https:\/\/locations-meubles-annecy.fr\/blog\/wp-content\/uploads\/2025\/08\/p1030345.jpg\" alt=\"\" class=\"wp-image-30\" srcset=\"https:\/\/locations-meubles-annecy.fr\/blog\/wp-content\/uploads\/2025\/08\/p1030345.jpg 800w, https:\/\/locations-meubles-annecy.fr\/blog\/wp-content\/uploads\/2025\/08\/p1030345-300x225.jpg 300w, https:\/\/locations-meubles-annecy.fr\/blog\/wp-content\/uploads\/2025\/08\/p1030345-768x576.jpg 768w\" sizes=\"auto, (max-width: 800px) 100vw, 800px\" \/><figcaption class=\"wp-element-caption\">Le s\u00e9jour, dans le fond la cuisine et l&rsquo;entr\u00e9e de la chambre<\/figcaption><\/figure>\n\n\n\n<p><strong>DESCRIPTIF \u00c9QUIPEMENT<\/strong><\/p>\n\n\n\n<p>Couchage : 1 canap\u00e9-lit 2 places (confortable) dans le s\u00e9jour; 2 lits d&rsquo;1 personne dans une chambre individuelle.<\/p>\n\n\n\n<p>\u00c9quipement : 1 cuisini\u00e8re \u00e9lectrique comprenant 1 four, frigidaire\/cong\u00e9lateur, micro-ondes, cafeti\u00e8re, presse-pur\u00e9e, bouilloire, grille-pain et batterie de cuisine tr\u00e8s compl\u00e8te ; 1 lave-linge, table \u00e0 repasser, fer \u00e0 repasser; s\u00e9choir; s\u00e8che-cheveux; TV (programmes TNT) ; lecteur DVD ; acc\u00e8s internet haut d\u00e9bit par WI-FI.<br>\u00c9quipement b\u00e9b\u00e9 ou jeune enfant mis \u00e0 disposition sur demande.<\/p>\n\n\n\n<figure class=\"wp-block-image aligncenter size-full\"><img loading=\"lazy\" decoding=\"async\" width=\"800\" height=\"600\" src=\"https:\/\/locations-meubles-annecy.fr\/blog\/wp-content\/uploads\/2025\/08\/p1030352.jpg\" alt=\"\" class=\"wp-image-20\" srcset=\"https:\/\/locations-meubles-annecy.fr\/blog\/wp-content\/uploads\/2025\/08\/p1030352.jpg 800w, https:\/\/locations-meubles-annecy.fr\/blog\/wp-content\/uploads\/2025\/08\/p1030352-300x225.jpg 300w, https:\/\/locations-meubles-annecy.fr\/blog\/wp-content\/uploads\/2025\/08\/p1030352-768x576.jpg 768w\" sizes=\"auto, (max-width: 800px) 100vw, 800px\" \/><figcaption class=\"wp-element-caption\">La cuisine<\/figcaption><\/figure>\n\n\n\n<p>Commodit\u00e9s : 1 salle de bains (WC, Douche, Lavabo)<\/p>\n\n\n\n<p>Points forts : Entr\u00e9e c\u00f4t\u00e9 jardin. Terrasse et jardin. Tr\u00e8s bonne isolation thermique et acoustique.<\/p>\n\n\n\n<figure class=\"wp-block-image size-full\"><img loading=\"lazy\" decoding=\"async\" width=\"800\" height=\"600\" src=\"https:\/\/locations-meubles-annecy.fr\/blog\/wp-content\/uploads\/2025\/08\/p1030279.jpg\" alt=\"\" class=\"wp-image-36\" srcset=\"https:\/\/locations-meubles-annecy.fr\/blog\/wp-content\/uploads\/2025\/08\/p1030279.jpg 800w, https:\/\/locations-meubles-annecy.fr\/blog\/wp-content\/uploads\/2025\/08\/p1030279-300x225.jpg 300w, https:\/\/locations-meubles-annecy.fr\/blog\/wp-content\/uploads\/2025\/08\/p1030279-768x576.jpg 768w\" sizes=\"auto, (max-width: 800px) 100vw, 800px\" \/><figcaption class=\"wp-element-caption\">Le salon de jardin<\/figcaption><\/figure>\n\n\n\n<p>Tarif haute saison 2021 : 620 \u20ac\/semaine.<\/p>\n\n\n\n<p>Tarif basse saison 2021 : 575 \u20ac\/semaine<\/p>\n\n\n\n<p>Possibilit\u00e9 de court s\u00e9jour (3 nuits minimum) :\u00e0 partir de 105 \u20ac\/nuit<\/p>\n\n\n\n<p>Disponibilit\u00e9s : Merci de consulter le planning actualis\u00e9 sur http:\/\/www.homelidays.com\/hebergement\/p6017858<\/p>\n\n\n\n<p><\/p>\n","protected":false},"excerpt":{"rendered":"<p>D&rsquo;une surface totale de 35 m\u00e8tres carr\u00e9s, orient\u00e9 est\/ouest ce 2 pi\u00e8ces (T2) peut accueillir jusqu&rsquo;\u00e0 4 personnes et comprend un s\u00e9jour, une chambre s\u00e9par\u00e9e, une salle de bains et une cuisine. La terrasse adjacente et le jardin collectif vous permettront de d\u00e9jeuner dans un cadre verdoyant et paisible. La terrasse b\u00e9n\u00e9ficie d&rsquo;un g\u00e9n\u00e9reux ensoleillement [&hellip;]<\/p>\n","protected":false},"author":1,"featured_media":0,"parent":0,"menu_order":0,"comment_status":"closed","ping_status":"closed","template":"","meta":{"footnotes":""},"class_list":["post-13","page","type-page","status-publish","hentry"],"_links":{"self":[{"href":"https:\/\/locations-meubles-annecy.fr\/blog\/wp-json\/wp\/v2\/pages\/13","targetHints":{"allow":["GET"]}}],"collection":[{"href":"https:\/\/locations-meubles-annecy.fr\/blog\/wp-json\/wp\/v2\/pages"}],"about":[{"href":"https:\/\/locations-meubles-annecy.fr\/blog\/wp-json\/wp\/v2\/types\/page"}],"author":[{"embeddable":true,"href":"https:\/\/locations-meubles-annecy.fr\/blog\/wp-json\/wp\/v2\/users\/1"}],"replies":[{"embeddable":true,"href":"https:\/\/locations-meubles-annecy.fr\/blog\/wp-json\/wp\/v2\/comments?post=13"}],"version-history":[{"count":4,"href":"https:\/\/locations-meubles-annecy.fr\/blog\/wp-json\/wp\/v2\/pages\/13\/revisions"}],"predecessor-version":[{"id":51,"href":"https:\/\/locations-meubles-annecy.fr\/blog\/wp-json\/wp\/v2\/pages\/13\/revisions\/51"}],"wp:attachment":[{"href":"https:\/\/locations-meubles-annecy.fr\/blog\/wp-json\/wp\/v2\/media?parent=13"}],"curies":[{"name":"wp","href":"https:\/\/api.w.org\/{rel}","templated":true}]}}