{"id":9,"date":"2025-08-14T22:50:27","date_gmt":"2025-08-14T20:50:27","guid":{"rendered":"https:\/\/locations-meubles-annecy.fr\/blog\/?page_id=9"},"modified":"2025-08-14T22:50:27","modified_gmt":"2025-08-14T20:50:27","slug":"studio-semnoz","status":"publish","type":"page","link":"https:\/\/locations-meubles-annecy.fr\/blog\/","title":{"rendered":"Studio \u00ab\u00a0Semnoz\u00a0\u00bb"},"content":{"rendered":"\n<p>Un appartement de 28 m\u00e8tres carr\u00e9s pouvant accueillir jusqu&rsquo;\u00e0 4 personnes.<\/p>\n\n\n\n<p>Entr\u00e9e privative avec un petit coin jardin et placette en graviers vous permettront de profiter de l&rsquo;ext\u00e9rieur au soleil et avec vue sur le Semnoz (massif montagneux). Tr\u00e8s lumineux et tr\u00e8s bien \u00e9quip\u00e9, le studio vous apportera un confort indispensable pour profiter de vos vacances en toute qui\u00e9tude. Vous pourrez entreposer vos v\u00e9los ou vos bagages encombrants dans le garage \u00e0 proximit\u00e9 accessible par un jardin collectif o\u00f9 se trouvent le barbecue et quelques fauteuils. Mat\u00e9riel de b\u00e9b\u00e9 ou jeune enfant disponible sur demande.<br>Un appartement id\u00e9al pour un couple, une petite famille ou entre amis.<\/p>\n\n\n\n<p><strong>DESCRIPTIF \u00c9QUIPEMENT<\/strong><br>Couchage : 1 canap\u00e9-lit 2 places (confortable) ; 2 lits d&rsquo;1 personne en mezzanine s\u00e9curis\u00e9e par des barri\u00e8res.<\/p>\n\n\n\n<p>\u00c9quipement : 1 cuisine am\u00e9ricaine (plaques \u00e9lectriques, frigidaire, compartiment freezer, micro-ondes\/grill, mini-four, cafeti\u00e8re, presse-pur\u00e9e, bouilloire, grille-pain et batterie de cuisine tr\u00e8s compl\u00e8te) ; 1 lave-linge, table \u00e0 repasser, fer \u00e0 repasser, s\u00e9choir, s\u00e8che-cheveux, TV (programmes TNT) ; acc\u00e8s internet haut d\u00e9bit par WI-FI.<\/p>\n\n\n\n<p>Commodit\u00e9s : 1 salle de bains (WC, Douche, Lavabo)<\/p>\n\n\n\n<p>Points forts : une grande baie vitr\u00e9e donnant sur le massif montagneux, le Semnoz. La placette et un espace herbeux vous permettront de profiter du plein air pour les d\u00e9jeuners ou la farniente. Exposition plein sud.<\/p>\n\n\n\n<p>Tarif haute saison 2021 : 530 \u20ac\/semaine<\/p>\n\n\n\n<p>Tarif basse saison 2021 : 500 \u20ac\/semaine<\/p>\n\n\n\n<p>Possibilit\u00e9 de court s\u00e9jour (3 nuits minimum) :\u00e0 partir de 88 \u20ac\/nuit<\/p>\n\n\n\n<p>Disponibilit\u00e9s : Merci de consulter le planning actualis\u00e9 sur http:\/\/www.homelidays.com\/hebergement\/p6014566<\/p>\n","protected":false},"excerpt":{"rendered":"<p>Un appartement de 28 m\u00e8tres carr\u00e9s pouvant accueillir jusqu&rsquo;\u00e0 4 personnes. Entr\u00e9e privative avec un petit coin jardin et placette en graviers vous permettront de profiter de l&rsquo;ext\u00e9rieur au soleil et avec vue sur le Semnoz (massif montagneux). Tr\u00e8s lumineux et tr\u00e8s bien \u00e9quip\u00e9, le studio vous apportera un confort indispensable pour profiter de vos [&hellip;]<\/p>\n","protected":false},"author":1,"featured_media":0,"parent":0,"menu_order":0,"comment_status":"closed","ping_status":"closed","template":"","meta":{"footnotes":""},"class_list":["post-9","page","type-page","status-publish","hentry"],"_links":{"self":[{"href":"https:\/\/locations-meubles-annecy.fr\/blog\/wp-json\/wp\/v2\/pages\/9","targetHints":{"allow":["GET"]}}],"collection":[{"href":"https:\/\/locations-meubles-annecy.fr\/blog\/wp-json\/wp\/v2\/pages"}],"about":[{"href":"https:\/\/locations-meubles-annecy.fr\/blog\/wp-json\/wp\/v2\/types\/page"}],"author":[{"embeddable":true,"href":"https:\/\/locations-meubles-annecy.fr\/blog\/wp-json\/wp\/v2\/users\/1"}],"replies":[{"embeddable":true,"href":"https:\/\/locations-meubles-annecy.fr\/blog\/wp-json\/wp\/v2\/comments?post=9"}],"version-history":[{"count":1,"href":"https:\/\/locations-meubles-annecy.fr\/blog\/wp-json\/wp\/v2\/pages\/9\/revisions"}],"predecessor-version":[{"id":10,"href":"https:\/\/locations-meubles-annecy.fr\/blog\/wp-json\/wp\/v2\/pages\/9\/revisions\/10"}],"wp:attachment":[{"href":"https:\/\/locations-meubles-annecy.fr\/blog\/wp-json\/wp\/v2\/media?parent=9"}],"curies":[{"name":"wp","href":"https:\/\/api.w.org\/{rel}","templated":true}]}}